{"id":15,"date":"2015-02-10T19:22:07","date_gmt":"2015-02-10T19:22:07","guid":{"rendered":"https:\/\/avada.theme-fusion.com_demos\/architecture\/?page_id=15"},"modified":"2025-07-21T19:45:40","modified_gmt":"2025-07-21T17:45:40","slug":"contact","status":"publish","type":"page","link":"https:\/\/vilaelement.cz\/en\/contact\/","title":{"rendered":"Contact"},"content":{"rendered":"<p><div class=\"fusion-fullwidth fullwidth-box fusion-builder-row-1 fusion-flex-container has-pattern-background has-mask-background nonhundred-percent-fullwidth non-hundred-percent-height-scrolling\" style=\"background-color: #f7f7f7;background-position: center bottom;background-repeat: no-repeat;border-width: 0px 0px 0px 0px;border-color:var(--awb-color3);border-style:solid;\" ><div class=\"fusion-builder-row fusion-row fusion-flex-align-items-flex-start\" style=\"max-width:1216.8px;margin-left: calc(-4% \/ 2 );margin-right: calc(-4% \/ 2 );\"><div class=\"fusion-layout-column fusion_builder_column fusion-builder-column-0 fusion_builder_column_1_1 1_1 fusion-flex-column fusion-flex-align-self-flex-start fusion-column-no-min-height\"><div class=\"fusion-column-wrapper fusion-flex-justify-content-flex-start fusion-content-layout-column\" style=\"background-position:left top;background-blend-mode: overlay;background-repeat:no-repeat;-webkit-background-size:cover;-moz-background-size:cover;-o-background-size:cover;background-size:cover;padding: 0px 0px 0px 0px;\"><style type=\"text\/css\">@media only screen and (max-width:800px) {.fusion-title.fusion-title-1{margin-top:0px!important; margin-right:0px!important;margin-bottom:30px!important;margin-left:0px!important;}}@media only screen and (max-width:640px) {.fusion-title.fusion-title-1{margin-top:0px!important; margin-right:0px!important;margin-bottom:20px!important; margin-left:0px!important;}}<\/style><div class=\"fusion-title title fusion-title-1 fusion-sep-none fusion-title-text fusion-title-size-two\" style=\"margin-top:0px;margin-right:0px;margin-bottom:30px;margin-left:0px;\"><h2 class=\"title-heading-left fusion-responsive-typography-calculated\" style=\"margin:0;text-transform:capitalize;color:var(--awb-color1);--fontSize:48;line-height:var(--awb-typography1-line-height);\"><span style=\"color: #000000;\">CONTACT US<\/span><\/h2><\/div><div class=\"fusion-text fusion-text-1\"><p><span style=\"color: #000000;\">We will be happy to answer your questions and advise you about accommodation in Villa Element. Do not hesitate to contact us!<\/span><\/p>\n<\/div><\/div><style type=\"text\/css\">.fusion-body .fusion-builder-column-0{width:100% !important;margin-top : 0px;margin-bottom : 40px;}.fusion-builder-column-0 > .fusion-column-wrapper {padding-top : 0px !important;padding-right : 0px !important;margin-right : 1.92%;padding-bottom : 0px !important;padding-left : 0px !important;margin-left : 1.92%;}@media only screen and (max-width:800px) {.fusion-body .fusion-builder-column-0{width:100% !important;}.fusion-builder-column-0 > .fusion-column-wrapper {margin-right : 1.92%;margin-left : 1.92%;}}@media only screen and (max-width:640px) {.fusion-body .fusion-builder-column-0{width:100% !important;}.fusion-builder-column-0 > .fusion-column-wrapper {margin-right : 1.92%;margin-left : 1.92%;}}<\/style><\/div><div class=\"fusion-layout-column fusion_builder_column fusion-builder-column-1 fusion_builder_column_1_2 1_2 fusion-flex-column\"><div class=\"fusion-column-wrapper fusion-flex-justify-content-flex-start fusion-content-layout-column\" style=\"background-position:left top;background-blend-mode: overlay;background-repeat:no-repeat;-webkit-background-size:cover;-moz-background-size:cover;-o-background-size:cover;background-size:cover;padding: 0px 0px 0px 0px;\"><div class=\"fusion-separator fusion-full-width-sep\" style=\"align-self: center;margin-left: auto;margin-right: auto;margin-top:40px;width:100%;\"><\/div><div class=\"fusion-text fusion-text-2\" style=\"color:#000000;\"><p><span style=\"color: #000000;\">Vila Element<\/span><br \/>\n<span style=\"color: #000000;\">Raisova 728<\/span><br \/>\n<span style=\"color: #000000;\">790 01 Jesen\u00edk<\/span><\/p>\n<p><strong><span style=\"color: #000000;\"><a style=\"color: #000000;\" href=\"mailto:\/\/info@vilaelement.cz\">info@vilaelement.cz<\/a><\/span><\/strong><br \/>\n<span style=\"color: #000000;\">+420 604 995373<\/span><\/p>\n<p><span style=\"color: #000000;\">Contact on arrival to Vily Element:<\/span><br \/>\n<span style=\"color: #000000;\">+420 724 398 573 &#8211;\u00a0manager<\/span><\/p>\n<\/div><\/div><style type=\"text\/css\">.fusion-body .fusion-builder-column-1{width:50% !important;margin-top : 0px;margin-bottom : 20px;}.fusion-builder-column-1 > .fusion-column-wrapper {padding-top : 0px !important;padding-right : 0px !important;margin-right : 3.84%;padding-bottom : 0px !important;padding-left : 0px !important;margin-left : 3.84%;}@media only screen and (max-width:800px) {.fusion-body .fusion-builder-column-1{width:100% !important;}.fusion-builder-column-1 > .fusion-column-wrapper {margin-right : 1.92%;margin-left : 1.92%;}}@media only screen and (max-width:640px) {.fusion-body .fusion-builder-column-1{width:100% !important;}.fusion-builder-column-1 > .fusion-column-wrapper {margin-right : 1.92%;margin-left : 1.92%;}}<\/style><\/div><div class=\"fusion-layout-column fusion_builder_column fusion-builder-column-2 fusion_builder_column_1_2 1_2 fusion-flex-column\"><div class=\"fusion-column-wrapper fusion-flex-justify-content-flex-start fusion-content-layout-column\" style=\"background-position:left top;background-blend-mode: overlay;background-repeat:no-repeat;-webkit-background-size:cover;-moz-background-size:cover;-o-background-size:cover;background-size:cover;padding: 0px 0px 0px 0px;\"><div class=\"fusion-separator fusion-full-width-sep\" style=\"align-self: center;margin-left: auto;margin-right: auto;margin-top:40px;width:100%;\"><\/div><div class=\"fusion-text fusion-text-3\" style=\"color:#000000;\"><p><b><span style=\"color: #000000;\">Bank connection:<\/span><br \/>\n<\/b><br \/>\n<span style=\"color: #000000;\">Account owner: David B\u0159ezna<\/span><br \/>\n<span style=\"color: #000000;\">Bank: AirBank<\/span><br \/>\n<span style=\"color: #000000;\">Account No.: 12 5580 6027 \/ 3030<\/span><br \/>\n<span style=\"color: #000000;\">IBAN Account No.: CZ92 3030 0000 0012 5580 6027<\/span><br \/>\n<span style=\"color: #000000;\">BIC ( SWIFT ) CODE: AIRACZPP<\/span><\/p>\n<\/div><\/div><style type=\"text\/css\">.fusion-body .fusion-builder-column-2{width:50% !important;margin-top : 0px;margin-bottom : 20px;}.fusion-builder-column-2 > .fusion-column-wrapper {padding-top : 0px !important;padding-right : 0px !important;margin-right : 3.84%;padding-bottom : 0px !important;padding-left : 0px !important;margin-left : 3.84%;}@media only screen and (max-width:800px) {.fusion-body .fusion-builder-column-2{width:100% !important;}.fusion-builder-column-2 > .fusion-column-wrapper {margin-right : 1.92%;margin-left : 1.92%;}}@media only screen and (max-width:640px) {.fusion-body .fusion-builder-column-2{width:100% !important;}.fusion-builder-column-2 > .fusion-column-wrapper {margin-right : 1.92%;margin-left : 1.92%;}}<\/style><\/div><\/div><style type=\"text\/css\">.fusion-body .fusion-flex-container.fusion-builder-row-1{ padding-top : 130px;margin-top : 0px;padding-right : 0px;padding-bottom : 100px;margin-bottom : 0px;padding-left : 0px;}<\/style><\/div><div class=\"fusion-fullwidth fullwidth-box fusion-builder-row-2 fusion-flex-container has-pattern-background has-mask-background nonhundred-percent-fullwidth non-hundred-percent-height-scrolling\" style=\"background-color: rgba(255,255,255,0);background-position: left top;background-repeat: no-repeat;border-width: 0px 0px 0px 0px;border-color:var(--awb-color3);border-style:solid;\" ><div class=\"fusion-builder-row fusion-row fusion-flex-align-items-stretch\" style=\"max-width:1216.8px;margin-left: calc(-4% \/ 2 );margin-right: calc(-4% \/ 2 );\"><div class=\"fusion-layout-column fusion_builder_column fusion-builder-column-3 fusion_builder_column_2_5 2_5 fusion-flex-column\"><div class=\"fusion-column-wrapper fusion-flex-justify-content-flex-start fusion-content-layout-column\" style=\"background-position:left top;background-repeat:no-repeat;-webkit-background-size:cover;-moz-background-size:cover;-o-background-size:cover;background-size:cover;background-color:var(--awb-color2);padding: 0px 0px 0px 0px;\"><div style=\"text-align:center;\"><style>.fusion-imageframe.imageframe-1 img{aspect-ratio:100 \/ 86;object-position:57% 100%;}<\/style><span class=\" fusion-imageframe imageframe-none imageframe-1 hover-type-zoomin has-aspect-ratio\"><a href=\"https:\/\/vilaelement.cz\/wp-content\/uploads\/2024\/11\/tim-foster-BeDY9KuP0sI-unsplash-scaled-e1731674076337.jpg\" class=\"fusion-lightbox\" data-rel=\"iLightbox[73c8b646685302315c3]\" data-title=\"tim-foster-BeDY9KuP0sI-unsplash\" title=\"tim-foster-BeDY9KuP0sI-unsplash\"><img decoding=\"async\" width=\"1991\" height=\"2560\" src=\"data:image\/svg+xml,%3Csvg%20xmlns%3D%27http%3A%2F%2Fwww.w3.org%2F2000%2Fsvg%27%20width%3D%271991%27%20height%3D%272560%27%20viewBox%3D%270%200%201991%202560%27%3E%3Crect%20width%3D%271991%27%20height%3D%272560%27%20fill-opacity%3D%220%22%2F%3E%3C%2Fsvg%3E\" data-orig-src=\"https:\/\/vilaelement.cz\/wp-content\/uploads\/2024\/11\/tim-foster-BeDY9KuP0sI-unsplash-scaled-e1731674076337.jpg\" class=\"lazyload img-responsive wp-image-1716 img-with-aspect-ratio\" alt \/><\/a><\/span><\/div><div class=\"fusion-builder-row fusion-builder-row-inner fusion-row fusion-flex-align-items-stretch\" style=\"width:104% !important;max-width:104% !important;margin-left: calc(-4% \/ 2 );margin-right: calc(-4% \/ 2 );\"><div class=\"fusion-layout-column fusion_builder_column_inner fusion-builder-nested-column-0 fusion_builder_column_inner_1_1 1_1 fusion-flex-column\"><div class=\"fusion-column-wrapper fusion-flex-justify-content-flex-start fusion-content-layout-column\" style=\"background-position:left top;background-repeat:no-repeat;-webkit-background-size:cover;-moz-background-size:cover;-o-background-size:cover;background-size:cover;padding: 30px 30px 10px 30px;\"><style type=\"text\/css\">@media only screen and (max-width:800px) {.fusion-title.fusion-title-2{margin-top:0px!important; margin-right:0px!important;margin-bottom:10px!important;margin-left:0px!important;}}@media only screen and (max-width:640px) {.fusion-title.fusion-title-2{margin-top:0px!important; margin-right:0px!important;margin-bottom:20px!important; margin-left:0px!important;}}<\/style><div class=\"fusion-title title fusion-title-2 fusion-sep-none fusion-title-text fusion-title-size-four\" style=\"margin-top:0px;margin-right:0px;margin-bottom:10px;margin-left:0px;\"><h4 class=\"title-heading-left fusion-responsive-typography-calculated\" style=\"margin:0;text-transform:capitalize;--fontSize:24;line-height:var(--awb-typography1-line-height);\">Did you know that<\/h4><\/div><div class=\"fusion-text fusion-text-4\"><ul class=\"arrow\">\n<li>Can you prepare espresso or cappuccino directly in the apartment?<\/li>\n<li>Can you watch the doe grazing in the meadow in the morning?<\/li>\n<li>From the villa there is a view of the Priessnitz Spa and the Jesen\u00edky Mountains?<\/li>\n<li>The distance to the center of Jesen\u00edk is only 10 minutes on foot?<\/li>\n<li>Are the Jesen\u00edky Mountains an area with the cleanest air in the Czech Republic?<\/li>\n<\/ul>\n<\/div><\/div><style type=\"text\/css\">.fusion-body .fusion-builder-nested-column-0{width:100% !important;margin-top : 0px;margin-bottom : 0px;}.fusion-builder-nested-column-0 > .fusion-column-wrapper {padding-top : 30px !important;padding-right : 30px !important;margin-right : 1.92%;padding-bottom : 10px !important;padding-left : 30px !important;margin-left : 1.92%;}@media only screen and (max-width:800px) {.fusion-body .fusion-builder-nested-column-0{width:100% !important;order : 0;}.fusion-builder-nested-column-0 > .fusion-column-wrapper {margin-right : 1.92%;margin-left : 1.92%;}}@media only screen and (max-width:640px) {.fusion-body .fusion-builder-nested-column-0{width:100% !important;order : 0;}.fusion-builder-nested-column-0 > .fusion-column-wrapper {margin-right : 1.92%;margin-left : 1.92%;}}<\/style><\/div><\/div><\/div><style type=\"text\/css\">.fusion-body .fusion-builder-column-3{width:40% !important;margin-top : 0px;margin-bottom : 20px;}.fusion-builder-column-3 > .fusion-column-wrapper {padding-top : 0px !important;padding-right : 0px !important;margin-right : 4.8%;padding-bottom : 0px !important;padding-left : 0px !important;margin-left : 3.84%;}@media only screen and (max-width:800px) {.fusion-body .fusion-builder-column-3{width:50% !important;}.fusion-builder-column-3 > .fusion-column-wrapper {margin-right : 3.84%;margin-left : 3.072%;}}@media only screen and (max-width:640px) {.fusion-body .fusion-builder-column-3{width:100% !important;}.fusion-builder-column-3 > .fusion-column-wrapper {margin-right : 1.92%;margin-left : 1.92%;}}<\/style><\/div><div class=\"fusion-layout-column fusion_builder_column fusion-builder-column-4 fusion_builder_column_3_5 3_5 fusion-flex-column\"><div class=\"fusion-column-wrapper fusion-flex-justify-content-flex-start fusion-content-layout-column\" style=\"background-position:left top;background-repeat:no-repeat;-webkit-background-size:cover;-moz-background-size:cover;-o-background-size:cover;background-size:cover;background-color:var(--awb-color2);padding: 0px 0px 0px 0px;\"><div style=\"text-align:center;\"><span class=\" fusion-imageframe imageframe-none imageframe-2 hover-type-zoomin\"><a href=\"https:\/\/vilaelement.cz\/wp-content\/uploads\/2024\/11\/timon-studler-BIk2ANMmNz4-unsplash-scaled.jpg\" class=\"fusion-lightbox\" data-rel=\"iLightbox[e6b969d0420dad6b95c]\" data-title=\"timon-studler-BIk2ANMmNz4-unsplash\" title=\"timon-studler-BIk2ANMmNz4-unsplash\"><img decoding=\"async\" width=\"2560\" height=\"1440\" src=\"https:\/\/vilaelement.cz\/wp-content\/uploads\/2024\/11\/timon-studler-BIk2ANMmNz4-unsplash-scaled.jpg\" data-orig-src=\"https:\/\/vilaelement.cz\/wp-content\/uploads\/2024\/11\/timon-studler-BIk2ANMmNz4-unsplash-scaled.jpg\" alt class=\"lazyload img-responsive wp-image-1714\" srcset=\"data:image\/svg+xml,%3Csvg%20xmlns%3D%27http%3A%2F%2Fwww.w3.org%2F2000%2Fsvg%27%20width%3D%272560%27%20height%3D%271440%27%20viewBox%3D%270%200%202560%201440%27%3E%3Crect%20width%3D%272560%27%20height%3D%271440%27%20fill-opacity%3D%220%22%2F%3E%3C%2Fsvg%3E\" data-srcset=\"https:\/\/vilaelement.cz\/wp-content\/uploads\/2024\/11\/timon-studler-BIk2ANMmNz4-unsplash-200x113.jpg 200w, https:\/\/vilaelement.cz\/wp-content\/uploads\/2024\/11\/timon-studler-BIk2ANMmNz4-unsplash-400x225.jpg 400w, https:\/\/vilaelement.cz\/wp-content\/uploads\/2024\/11\/timon-studler-BIk2ANMmNz4-unsplash-600x338.jpg 600w, https:\/\/vilaelement.cz\/wp-content\/uploads\/2024\/11\/timon-studler-BIk2ANMmNz4-unsplash-800x450.jpg 800w, https:\/\/vilaelement.cz\/wp-content\/uploads\/2024\/11\/timon-studler-BIk2ANMmNz4-unsplash-1200x675.jpg 1200w, https:\/\/vilaelement.cz\/wp-content\/uploads\/2024\/11\/timon-studler-BIk2ANMmNz4-unsplash-scaled.jpg 2560w\" data-sizes=\"auto\" data-orig-sizes=\"(max-width: 800px) 100vw, (max-width: 640px) 100vw, 800px\" \/><\/a><\/span><\/div><div class=\"fusion-builder-row fusion-builder-row-inner fusion-row fusion-flex-align-items-stretch\" style=\"width:104% !important;max-width:104% !important;margin-left: calc(-4% \/ 2 );margin-right: calc(-4% \/ 2 );\"><div class=\"fusion-layout-column fusion_builder_column_inner fusion-builder-nested-column-1 fusion_builder_column_inner_1_1 1_1 fusion-flex-column\"><div class=\"fusion-column-wrapper fusion-flex-justify-content-flex-start fusion-content-layout-column\" style=\"background-position:left top;background-repeat:no-repeat;-webkit-background-size:cover;-moz-background-size:cover;-o-background-size:cover;background-size:cover;padding: 30px 30px 10px 30px;\"><style type=\"text\/css\">@media only screen and (max-width:800px) {.fusion-title.fusion-title-3{margin-top:0px!important; margin-right:0px!important;margin-bottom:10px!important;margin-left:0px!important;}}@media only screen and (max-width:640px) {.fusion-title.fusion-title-3{margin-top:0px!important; margin-right:0px!important;margin-bottom:20px!important; margin-left:0px!important;}}<\/style><div class=\"fusion-title title fusion-title-3 fusion-sep-none fusion-title-text fusion-title-size-four\" style=\"margin-top:0px;margin-right:0px;margin-bottom:10px;margin-left:0px;\"><h4 class=\"title-heading-left fusion-responsive-typography-calculated\" style=\"margin:0;text-transform:capitalize;--fontSize:24;line-height:var(--awb-typography1-line-height);\">Around Vila Element<\/h4><\/div><div class=\"fusion-text fusion-text-5\"><ul class=\"arrow\">\n<li>More than 25 ski resorts. Ideal for families with children, as well as for demanding skiers.<\/li>\n<li>Kilometers of well-marked cycle routes and hiking trails<\/li>\n<li>Spa centers \u2013 Priessnitz Spa Jesen\u00edk, Karlova Stud\u00e1nka, Velk\u00e9 Losiny<\/li>\n<\/ul>\n<\/div><\/div><style type=\"text\/css\">.fusion-body .fusion-builder-nested-column-1{width:100% !important;margin-top : 0px;margin-bottom : 0px;}.fusion-builder-nested-column-1 > .fusion-column-wrapper {padding-top : 30px !important;padding-right : 30px !important;margin-right : 1.92%;padding-bottom : 10px !important;padding-left : 30px !important;margin-left : 1.92%;}@media only screen and (max-width:800px) {.fusion-body .fusion-builder-nested-column-1{width:100% !important;order : 0;}.fusion-builder-nested-column-1 > .fusion-column-wrapper {margin-right : 1.92%;margin-left : 1.92%;}}@media only screen and (max-width:640px) {.fusion-body .fusion-builder-nested-column-1{width:100% !important;order : 0;}.fusion-builder-nested-column-1 > .fusion-column-wrapper {margin-right : 1.92%;margin-left : 1.92%;}}<\/style><\/div><\/div><\/div><style type=\"text\/css\">.fusion-body .fusion-builder-column-4{width:60% !important;margin-top : 0px;margin-bottom : 20px;}.fusion-builder-column-4 > .fusion-column-wrapper {padding-top : 0px !important;padding-right : 0px !important;margin-right : 3.84%;padding-bottom : 0px !important;padding-left : 0px !important;margin-left : 3.2%;}@media only screen and (max-width:800px) {.fusion-body .fusion-builder-column-4{width:50% !important;}.fusion-builder-column-4 > .fusion-column-wrapper {margin-right : 4.608%;margin-left : 3.84%;}}@media only screen and (max-width:640px) {.fusion-body .fusion-builder-column-4{width:100% !important;}.fusion-builder-column-4 > .fusion-column-wrapper {margin-right : 2.304%;margin-left : 1.92%;}}<\/style><\/div><\/div><style type=\"text\/css\">.fusion-body .fusion-flex-container.fusion-builder-row-2{ padding-top : 1px;margin-top : 0px;padding-right : 0px;padding-bottom : 110px;margin-bottom : 0px;padding-left : 0px;}<\/style><\/div><\/p>\n","protected":false},"excerpt":{"rendered":"","protected":false},"author":1,"featured_media":0,"parent":0,"menu_order":0,"comment_status":"closed","ping_status":"open","template":"100-width.php","meta":{"footnotes":""},"class_list":["post-15","page","type-page","status-publish","hentry"],"yoast_head":"<!-- This site is optimized with the Yoast SEO plugin v25.6 - https:\/\/yoast.com\/wordpress\/plugins\/seo\/ -->\n<title>Contact - Vila Element<\/title>\n<meta name=\"robots\" content=\"index, follow, max-snippet:-1, max-image-preview:large, max-video-preview:-1\" \/>\n<link rel=\"canonical\" href=\"https:\/\/vilaelement.cz\/en\/contact\/\" \/>\n<meta property=\"og:locale\" content=\"en_US\" \/>\n<meta property=\"og:type\" content=\"article\" \/>\n<meta property=\"og:title\" content=\"Contact - Vila Element\" \/>\n<meta property=\"og:url\" content=\"https:\/\/vilaelement.cz\/en\/contact\/\" \/>\n<meta property=\"og:site_name\" content=\"Vila Element\" \/>\n<meta property=\"article:modified_time\" content=\"2025-07-21T17:45:40+00:00\" \/>\n<meta name=\"twitter:card\" content=\"summary_large_image\" \/>\n<meta name=\"twitter:label1\" content=\"Est. reading time\" \/>\n\t<meta name=\"twitter:data1\" content=\"5 minutes\" \/>\n<script type=\"application\/ld+json\" class=\"yoast-schema-graph\">{\"@context\":\"https:\/\/schema.org\",\"@graph\":[{\"@type\":\"WebPage\",\"@id\":\"https:\/\/vilaelement.cz\/en\/contact\/\",\"url\":\"https:\/\/vilaelement.cz\/en\/contact\/\",\"name\":\"Contact - Vila Element\",\"isPartOf\":{\"@id\":\"https:\/\/vilaelement.cz\/#website\"},\"datePublished\":\"2015-02-10T19:22:07+00:00\",\"dateModified\":\"2025-07-21T17:45:40+00:00\",\"breadcrumb\":{\"@id\":\"https:\/\/vilaelement.cz\/en\/contact\/#breadcrumb\"},\"inLanguage\":\"en-US\",\"potentialAction\":[{\"@type\":\"ReadAction\",\"target\":[\"https:\/\/vilaelement.cz\/en\/contact\/\"]}]},{\"@type\":\"BreadcrumbList\",\"@id\":\"https:\/\/vilaelement.cz\/en\/contact\/#breadcrumb\",\"itemListElement\":[{\"@type\":\"ListItem\",\"position\":1,\"name\":\"Home\",\"item\":\"https:\/\/vilaelement.cz\/en\/\"},{\"@type\":\"ListItem\",\"position\":2,\"name\":\"Contact\"}]},{\"@type\":\"WebSite\",\"@id\":\"https:\/\/vilaelement.cz\/#website\",\"url\":\"https:\/\/vilaelement.cz\/\",\"name\":\"Vila Element\",\"description\":\"\",\"potentialAction\":[{\"@type\":\"SearchAction\",\"target\":{\"@type\":\"EntryPoint\",\"urlTemplate\":\"https:\/\/vilaelement.cz\/?s={search_term_string}\"},\"query-input\":{\"@type\":\"PropertyValueSpecification\",\"valueRequired\":true,\"valueName\":\"search_term_string\"}}],\"inLanguage\":\"en-US\"}]}<\/script>\n<!-- \/ Yoast SEO plugin. -->","yoast_head_json":{"title":"Contact - Vila Element","robots":{"index":"index","follow":"follow","max-snippet":"max-snippet:-1","max-image-preview":"max-image-preview:large","max-video-preview":"max-video-preview:-1"},"canonical":"https:\/\/vilaelement.cz\/en\/contact\/","og_locale":"en_US","og_type":"article","og_title":"Contact - Vila Element","og_url":"https:\/\/vilaelement.cz\/en\/contact\/","og_site_name":"Vila Element","article_modified_time":"2025-07-21T17:45:40+00:00","twitter_card":"summary_large_image","twitter_misc":{"Est. reading time":"5 minutes"},"schema":{"@context":"https:\/\/schema.org","@graph":[{"@type":"WebPage","@id":"https:\/\/vilaelement.cz\/en\/contact\/","url":"https:\/\/vilaelement.cz\/en\/contact\/","name":"Contact - Vila Element","isPartOf":{"@id":"https:\/\/vilaelement.cz\/#website"},"datePublished":"2015-02-10T19:22:07+00:00","dateModified":"2025-07-21T17:45:40+00:00","breadcrumb":{"@id":"https:\/\/vilaelement.cz\/en\/contact\/#breadcrumb"},"inLanguage":"en-US","potentialAction":[{"@type":"ReadAction","target":["https:\/\/vilaelement.cz\/en\/contact\/"]}]},{"@type":"BreadcrumbList","@id":"https:\/\/vilaelement.cz\/en\/contact\/#breadcrumb","itemListElement":[{"@type":"ListItem","position":1,"name":"Home","item":"https:\/\/vilaelement.cz\/en\/"},{"@type":"ListItem","position":2,"name":"Contact"}]},{"@type":"WebSite","@id":"https:\/\/vilaelement.cz\/#website","url":"https:\/\/vilaelement.cz\/","name":"Vila Element","description":"","potentialAction":[{"@type":"SearchAction","target":{"@type":"EntryPoint","urlTemplate":"https:\/\/vilaelement.cz\/?s={search_term_string}"},"query-input":{"@type":"PropertyValueSpecification","valueRequired":true,"valueName":"search_term_string"}}],"inLanguage":"en-US"}]}},"_links":{"self":[{"href":"https:\/\/vilaelement.cz\/en\/wp-json\/wp\/v2\/pages\/15"}],"collection":[{"href":"https:\/\/vilaelement.cz\/en\/wp-json\/wp\/v2\/pages"}],"about":[{"href":"https:\/\/vilaelement.cz\/en\/wp-json\/wp\/v2\/types\/page"}],"author":[{"embeddable":true,"href":"https:\/\/vilaelement.cz\/en\/wp-json\/wp\/v2\/users\/1"}],"replies":[{"embeddable":true,"href":"https:\/\/vilaelement.cz\/en\/wp-json\/wp\/v2\/comments?post=15"}],"version-history":[{"count":7,"href":"https:\/\/vilaelement.cz\/en\/wp-json\/wp\/v2\/pages\/15\/revisions"}],"predecessor-version":[{"id":1983,"href":"https:\/\/vilaelement.cz\/en\/wp-json\/wp\/v2\/pages\/15\/revisions\/1983"}],"wp:attachment":[{"href":"https:\/\/vilaelement.cz\/en\/wp-json\/wp\/v2\/media?parent=15"}],"curies":[{"name":"wp","href":"https:\/\/api.w.org\/{rel}","templated":true}]}}